{"id":20,"date":"2014-09-12T23:28:48","date_gmt":"2014-09-12T23:28:48","guid":{"rendered":"http:\/\/www.helmersdropin.se\/?page_id=20"},"modified":"2019-02-24T13:26:42","modified_gmt":"2019-02-24T12:26:42","slug":"om-oss","status":"publish","type":"page","link":"http:\/\/www.helmersdropin.se\/?page_id=20","title":{"rendered":"Om oss"},"content":{"rendered":"<p>Vi \u00e4r din personliga fris\u00f6r i Tumba. V\u00e5r salong och historik letar sig s\u00e5 l\u00e5ngt tillbaka som till 50 talet d\u00e5 salongen hette Persons och l\u00e5g nere vid det som idag \u00e4r bussarna. Nu har vi flyttat till nya lokaler och h\u00e4lsar er v\u00e4lkomna till v\u00e5r nya adress p\u00e5 Gr\u00f6dingev\u00e4gen 7A d\u00e4r vi huserar i helt nyrenoverade lokaler.<\/p>\n<h2>Ring och boka en tid redan idag p\u00e5 08-530 319 74<\/h2>\n<p><a href=\"http:\/\/www.helmersdropin.se\/wp-content\/uploads\/2019\/02\/IMG_2688-e1550003158203.jpg\"><\/a><a href=\"http:\/\/www.helmersdropin.se\/wp-content\/uploads\/2019\/02\/IMG_2688-e1550003158203.jpg\"><img loading=\"lazy\" class=\"alignnone wp-image-102 size-full\" src=\"http:\/\/www.helmersdropin.se\/wp-content\/uploads\/2019\/02\/IMG_2688-e1550003158203.jpg\" alt=\"\" width=\"638\" height=\"305\" srcset=\"http:\/\/www.helmersdropin.se\/wp-content\/uploads\/2019\/02\/IMG_2688-e1550003158203.jpg 638w, http:\/\/www.helmersdropin.se\/wp-content\/uploads\/2019\/02\/IMG_2688-e1550003158203-300x143.jpg 300w\" sizes=\"(max-width: 638px) 100vw, 638px\" \/><\/a><\/p>\n<p>&nbsp;<\/p>\n<h2>Med Varma H\u00e4lsningar:<\/h2>\n<h2>Merja och Sia<\/h2>\n<p>&nbsp;<\/p>\n<p>&nbsp;<\/p>\n","protected":false},"excerpt":{"rendered":"<p>Vi \u00e4r din personliga fris\u00f6r i Tumba. V\u00e5r salong och historik letar sig s\u00e5 l\u00e5ngt tillbaka som till 50 talet d\u00e5 salongen hette Persons och l\u00e5g nere vid det som idag \u00e4r bussarna. Nu har vi flyttat till nya lokaler och h\u00e4lsar er v\u00e4lkomna till v\u00e5r nya adress p\u00e5 Gr\u00f6dingev\u00e4gen 7A d\u00e4r vi huserar i<\/p>\n<p><a href=\"http:\/\/www.helmersdropin.se\/?page_id=20\" class=\"more-link themebutton\">Read More<\/a><\/p>\n","protected":false},"author":1,"featured_media":0,"parent":0,"menu_order":0,"comment_status":"closed","ping_status":"closed","template":"","meta":[],"_links":{"self":[{"href":"http:\/\/www.helmersdropin.se\/index.php?rest_route=\/wp\/v2\/pages\/20"}],"collection":[{"href":"http:\/\/www.helmersdropin.se\/index.php?rest_route=\/wp\/v2\/pages"}],"about":[{"href":"http:\/\/www.helmersdropin.se\/index.php?rest_route=\/wp\/v2\/types\/page"}],"author":[{"embeddable":true,"href":"http:\/\/www.helmersdropin.se\/index.php?rest_route=\/wp\/v2\/users\/1"}],"replies":[{"embeddable":true,"href":"http:\/\/www.helmersdropin.se\/index.php?rest_route=%2Fwp%2Fv2%2Fcomments&post=20"}],"version-history":[{"count":14,"href":"http:\/\/www.helmersdropin.se\/index.php?rest_route=\/wp\/v2\/pages\/20\/revisions"}],"predecessor-version":[{"id":114,"href":"http:\/\/www.helmersdropin.se\/index.php?rest_route=\/wp\/v2\/pages\/20\/revisions\/114"}],"wp:attachment":[{"href":"http:\/\/www.helmersdropin.se\/index.php?rest_route=%2Fwp%2Fv2%2Fmedia&parent=20"}],"curies":[{"name":"wp","href":"https:\/\/api.w.org\/{rel}","templated":true}]}}